{"id":62,"date":"2017-11-10T03:02:12","date_gmt":"2017-11-10T02:02:12","guid":{"rendered":"http:\/\/owncloud.slabon.de\/wordpress\/?page_id=62"},"modified":"2017-11-10T03:39:24","modified_gmt":"2017-11-10T02:39:24","slug":"ueber-uns","status":"publish","type":"page","link":"\/?page_id=62","title":{"rendered":"\u00dcber uns"},"content":{"rendered":"<p><strong>Historie<\/strong><br \/>\nSl@bon wurde 1999 vom Werner Slabon als Ein-Mann-Unternehmen gegr\u00fcndet. Der Schwerpunkt liegt &#8211; auch heute noch &#8211; bei der individuellen Softwareentwicklung. Allerdings war von Anfang auch die Netzwerkbetreuung und -administration ein wichtiges Standbein.<br \/>\nAnfang 2006 haben wir unseren neuen Firmensitz in M\u00f6nsheim bezogen. Auf 170qm B\u00fcrofl\u00e4che haben die drei Mitarbeiter viel Platz und k\u00fcmmern sich\u00a0um die Belange unserer Kunden.<br \/>\nUnser Ziel<br \/>\nWir m\u00f6chten unseren Kunden ein umfassendes Angebot an Dienstleistungen bieten, welches fast das gesamte Feld der EDV abdeckt. Mit dem richtigen Handwerkzeug und dem entsprechenden Know-How schaffen wir zufriedene Kunden, indem wir die Pflege und Wartung der EDV-Systeme so einfach wie m\u00f6glich gestalten.<\/p>\n<p><strong>Unser Weg<\/strong><br \/>\nViele Wege f\u00fchren nach Rom. Bei Sl@bon wird jedoch nicht grunds\u00e4tzlich die Autobahn genommen. Denn ein schneller Schu\u00df geht auch schnell daneben! Je nach Kundenanforderung erreichen wir durch optimale Nutzung der aktuellen Methoden und M\u00f6glichkeiten bestm\u00f6gliche Ergebnisse &#8211; in Betrieb und Pflege. Die Option zur Einbindung zuk\u00fcnftiger Entwicklungen wird dabei nie au\u00dfen vor gelassen.<\/p>\n<p><strong>Und die Kosten?<\/strong><br \/>\nSie wissen doch: Der Unterschied zwischen zwei Autoherstellern ist meist mehr &#8211; als nur der Preis. Die Kunden von Sl@bon erhalten ein Optimum an Leistung f\u00fcr ihr Geld &#8211; und im sp\u00e4teren Betrieb zahlt es sich aus, wenn man etwas am Anfang richtig gemacht hat!<\/p>\n","protected":false},"excerpt":{"rendered":"<p>Historie Sl@bon wurde 1999 vom Werner Slabon als Ein-Mann-Unternehmen gegr\u00fcndet. Der Schwerpunkt liegt &#8211; auch heute noch &#8211; bei der individuellen Softwareentwicklung. Allerdings war von Anfang auch die Netzwerkbetreuung und -administration ein wichtiges Standbein. Anfang 2006 haben wir unseren neuen Firmensitz in M\u00f6nsheim bezogen. Auf 170qm B\u00fcrofl\u00e4che haben die drei Mitarbeiter viel Platz und k\u00fcmmern sich\u00a0um die Belange unserer Kunden. [&#8230;]<\/p>\n","protected":false},"author":2,"featured_media":0,"parent":0,"menu_order":0,"comment_status":"closed","ping_status":"closed","template":"","meta":[],"_links":{"self":[{"href":"\/index.php?rest_route=\/wp\/v2\/pages\/62"}],"collection":[{"href":"\/index.php?rest_route=\/wp\/v2\/pages"}],"about":[{"href":"\/index.php?rest_route=\/wp\/v2\/types\/page"}],"author":[{"embeddable":true,"href":"\/index.php?rest_route=\/wp\/v2\/users\/2"}],"replies":[{"embeddable":true,"href":"\/index.php?rest_route=%2Fwp%2Fv2%2Fcomments&post=62"}],"version-history":[{"count":3,"href":"\/index.php?rest_route=\/wp\/v2\/pages\/62\/revisions"}],"predecessor-version":[{"id":88,"href":"\/index.php?rest_route=\/wp\/v2\/pages\/62\/revisions\/88"}],"wp:attachment":[{"href":"\/index.php?rest_route=%2Fwp%2Fv2%2Fmedia&parent=62"}],"curies":[{"name":"wp","href":"https:\/\/api.w.org\/{rel}","templated":true}]}}