{"id":2,"date":"2017-11-06T11:13:48","date_gmt":"2017-11-06T10:13:48","guid":{"rendered":"http:\/\/ucs.slabon.lokal\/wordpress\/?page_id=2"},"modified":"2017-11-10T04:30:58","modified_gmt":"2017-11-10T03:30:58","slug":"beispiel-seite","status":"publish","type":"page","link":"\/","title":{"rendered":"Willkommen auf unserem Internet-Portal"},"content":{"rendered":"<div id=\"pl-2\"  class=\"panel-layout\" ><div id=\"pg-2-0\"  class=\"panel-grid panel-no-style\" ><div id=\"pgc-2-0-0\"  class=\"panel-grid-cell\" ><div id=\"panel-2-0-0-0\" class=\"so-panel widget widget_sow-editor panel-first-child\" data-index=\"0\" ><div\n\t\t\t\n\t\t\tclass=\"so-widget-sow-editor so-widget-sow-editor-base\"\n\t\t\t\n\t\t>\n<div class=\"siteorigin-widget-tinymce textwidget\">\n\t<p><span style=\"color: #000000;\">Sl<span style=\"color: #ff0000;\">@<\/span>bon <\/span>ist - mit drei Personen - ein kleiner Dienstleister rund um den Computer. Den Schwerpunkt bildet die individuelle Softwareentwicklung. Durch die von uns realisierten Projekte hat sich dabei der Fokus auf die Erstellung technischer Software f\u00fcr die Automobilindustrie gerichtet, aber auch Projekte mit Schwerpunkt Datenbank finden sich in unserem Repertoire.<\/p>\n<p>Neben der Programmierung von Anwendungssoftware findet sich bei uns auch einiges Know-How bzgl. der Kommunikation und dem Umgang mit Steuerger\u00e4ten und anderen Embedded Systemen.<\/p>\n<p>Da zur guten Software-Entwicklung auch Kenntnisse aus anderen IT-Bereichen dazugeh\u00f6ren, k\u00fcmmern wie uns zus\u00e4tzlich, wenngleich im Verh\u00e4ltnism\u00e4\u00dfig begrenzten Umfang, um Netzwerk-Installationen und der professionelle Administration -\u00a0 inklusive offenen Augen und Ohren f\u00fcr die Belange unsere Kunden\u00a0und deren Mitarbeiter.<\/p>\n<p>Mehr erfahren Sie bei \u00dcber uns.<\/p>\n<\/div>\n<\/div><\/div><div id=\"panel-2-0-0-1\" class=\"so-panel widget widget_siteorigin-panels-postloop panel-last-child\" data-index=\"1\" ><div class=\"panel-widget-style panel-widget-style-for-2-0-0-1\" ><h3 class=\"widget-title\">Projekte<\/h3>\t\t\r\n\t<article id=\"post-69\" class=\"post-69 post type-post status-publish format-standard hentry category-projekte\">\r\n\t\t\r\n\t\t<h2 class=\"entry-title post-title\"><a href=\"\/?p=69\" rel=\"bookmark\">Megaline Application Tool<\/a><\/h2>\t\t\r\n\t\t<div class=\"entry-meta postmeta\"><\/div>\r\n\r\n\t\t<div class=\"entry clearfix\">\r\n\t\t\t\r\n\t\t<a href=\"\/?p=69\" rel=\"bookmark\">\r\n\t\t\t\t\t<\/a>\r\n\r\n\t\t\t<p>Das MegaApplicationTool (kurz MAT) ist das Werkzeug zur Applikation\u00a0der\u00a0Steuerger\u00e4te, die von Megaline hergestellt werden. Die Steuerger\u00e4te werden haupts\u00e4chlich um Motorsport eingesetzt, aufgrund der Architektur ist die Software jedoch auch f\u00fcr andere Gebiete einsetzbar bzw. anpassbar. Die Steuerger\u00e4te werden entweder \u00fcber einen CAN-Bus\u00a0oder per USB mit dem Computer verbunden. Als Kommunikationsprotokoll wird beim CAN-Bus CCP verwendet, bei Verwendung der USB-Schnittstelle eine [&#8230;]<\/p>\n\t\t\t<a href=\"\/?p=69\" class=\"more-link\">&raquo; Weiterlesen<\/a>\r\n\t\t<\/div>\r\n\t\t\r\n\t\t<div class=\"postinfo clearfix\"><\/div>\r\n\r\n\t<\/article>\t\t\r\n\t<article id=\"post-67\" class=\"post-67 post type-post status-publish format-standard hentry category-projekte\">\r\n\t\t\r\n\t\t<h2 class=\"entry-title post-title\"><a href=\"\/?p=67\" rel=\"bookmark\">Bosch Motorsport: WinDarab, ModasSport<\/a><\/h2>\t\t\r\n\t\t<div class=\"entry-meta postmeta\"><\/div>\r\n\r\n\t\t<div class=\"entry clearfix\">\r\n\t\t\t\r\n\t\t<a href=\"\/?p=67\" rel=\"bookmark\">\r\n\t\t\t\t\t<\/a>\r\n\r\n\t\t\t<p>Seit vielen Jahren sind wir zuverl\u00e4ssiger Partner der Bosch Engineering GmbH und entwickeln die drei Anwendungen WinDarab, WinDCP und WDServer, die Ihre Hauptanwendung im Motorsport finden. WinDarab ist die Hauptanwendung. WinDarab dient zur Visualisierung und Auswertung der Messdaten, die von den Motor-Steuerger\u00e4ten aufgezeichnet werden. Hierbei handelt es sich jedoch nicht nur um Motordaten sondern auch um die Chassisdaten des Fahrzeugs. [&#8230;]<\/p>\n\t\t\t<a href=\"\/?p=67\" class=\"more-link\">&raquo; Weiterlesen<\/a>\r\n\t\t<\/div>\r\n\t\t\r\n\t\t<div class=\"postinfo clearfix\"><\/div>\r\n\r\n\t<\/article><\/div><\/div><\/div><\/div><\/div>","protected":false},"excerpt":{"rendered":"<p>Sl@bon ist &#8211; mit drei Personen &#8211; ein kleiner Dienstleister rund um den Computer. Den Schwerpunkt bildet die individuelle Softwareentwicklung. Durch die von uns realisierten Projekte hat sich dabei der Fokus auf die Erstellung technischer Software f\u00fcr die Automobilindustrie gerichtet, aber auch Projekte mit Schwerpunkt Datenbank finden sich in unserem Repertoire. Neben der Programmierung von Anwendungssoftware findet sich bei uns [&#8230;]<\/p>\n","protected":false},"author":1,"featured_media":0,"parent":0,"menu_order":0,"comment_status":"closed","ping_status":"closed","template":"","meta":[],"_links":{"self":[{"href":"\/index.php?rest_route=\/wp\/v2\/pages\/2"}],"collection":[{"href":"\/index.php?rest_route=\/wp\/v2\/pages"}],"about":[{"href":"\/index.php?rest_route=\/wp\/v2\/types\/page"}],"author":[{"embeddable":true,"href":"\/index.php?rest_route=\/wp\/v2\/users\/1"}],"replies":[{"embeddable":true,"href":"\/index.php?rest_route=%2Fwp%2Fv2%2Fcomments&post=2"}],"version-history":[{"count":16,"href":"\/index.php?rest_route=\/wp\/v2\/pages\/2\/revisions"}],"predecessor-version":[{"id":103,"href":"\/index.php?rest_route=\/wp\/v2\/pages\/2\/revisions\/103"}],"wp:attachment":[{"href":"\/index.php?rest_route=%2Fwp%2Fv2%2Fmedia&parent=2"}],"curies":[{"name":"wp","href":"https:\/\/api.w.org\/{rel}","templated":true}]}}